{"id":84,"date":"2020-11-10T12:30:49","date_gmt":"2020-11-10T11:30:49","guid":{"rendered":"http:\/\/beatricesornicle-architecte.fr\/?page_id=84"},"modified":"2020-11-12T14:00:51","modified_gmt":"2020-11-12T13:00:51","slug":"contact","status":"publish","type":"page","link":"https:\/\/beatricesornicle-architecte.fr\/?page_id=84","title":{"rendered":"Contact"},"content":{"rendered":"\t\t<div data-elementor-type=\"wp-page\" data-elementor-id=\"84\" class=\"elementor elementor-84\" data-elementor-settings=\"[]\">\n\t\t\t\t\t\t<div class=\"elementor-inner\">\n\t\t\t\t\t\t\t<div class=\"elementor-section-wrap\">\n\t\t\t\t\t\t\t<section class=\"elementor-section elementor-top-section elementor-element elementor-element-7d984e9 elementor-section-boxed elementor-section-height-default elementor-section-height-default\" data-id=\"7d984e9\" data-element_type=\"section\">\n\t\t\t\t\t\t<div class=\"elementor-container elementor-column-gap-default\">\n\t\t\t\t\t\t\t<div class=\"elementor-row\">\n\t\t\t\t\t<div class=\"elementor-column elementor-col-100 elementor-top-column elementor-element elementor-element-2e320b39\" data-id=\"2e320b39\" data-element_type=\"column\">\n\t\t\t<div class=\"elementor-column-wrap elementor-element-populated\">\n\t\t\t\t\t\t\t<div class=\"elementor-widget-wrap\">\n\t\t\t\t\t\t<div class=\"elementor-element elementor-element-612e47e elementor-widget elementor-widget-text-editor\" data-id=\"612e47e\" data-element_type=\"widget\" data-widget_type=\"text-editor.default\">\n\t\t\t\t<div class=\"elementor-widget-container\">\n\t\t\t\t\t<div class=\"elementor-text-editor elementor-clearfix\"><p><!-- wp:paragraph --><\/p>\n<p>B\u00e9atrice SORNICLE, Architecte DPLG<br \/>23, Boulevard du Mus\u00e9e<br \/>73000 CHAMBERY<br \/><br \/>T\u00e9l.\u00a0\u00a0 <strong><span class=\"has-inline-color\" style=\"color: #ff1900;\">06.08.61.79.38<\/span><\/strong>\u00a0 &#8211; Email : <strong><span class=\"has-inline-color\" style=\"color: #ff1900;\">beatrice.sornicle@wanadoo.fr<\/span><\/strong><\/p>\n<p><!-- \/wp:paragraph --><\/p>\n<p><!-- wp:paragraph --><\/p>\n<p><!-- \/wp:paragraph --><\/p><\/div>\n\t\t\t\t<\/div>\n\t\t\t\t<\/div>\n\t\t\t\t\t\t<\/div>\n\t\t\t\t\t<\/div>\n\t\t<\/div>\n\t\t\t\t\t\t\t\t<\/div>\n\t\t\t\t\t<\/div>\n\t\t<\/section>\n\t\t\t\t<section class=\"elementor-section elementor-top-section elementor-element elementor-element-4a14be4 elementor-section-boxed elementor-section-height-default elementor-section-height-default\" data-id=\"4a14be4\" data-element_type=\"section\">\n\t\t\t\t\t\t<div class=\"elementor-container elementor-column-gap-default\">\n\t\t\t\t\t\t\t<div class=\"elementor-row\">\n\t\t\t\t\t<div class=\"elementor-column elementor-col-100 elementor-top-column elementor-element elementor-element-9dca848\" data-id=\"9dca848\" data-element_type=\"column\">\n\t\t\t<div class=\"elementor-column-wrap elementor-element-populated\">\n\t\t\t\t\t\t\t<div class=\"elementor-widget-wrap\">\n\t\t\t\t\t\t<div class=\"elementor-element elementor-element-78be594 elementor-widget elementor-widget-google_maps\" data-id=\"78be594\" data-element_type=\"widget\" data-widget_type=\"google_maps.default\">\n\t\t\t\t<div class=\"elementor-widget-container\">\n\t\t\t<div class=\"elementor-custom-embed\"><iframe frameborder=\"0\" scrolling=\"no\" marginheight=\"0\" marginwidth=\"0\" src=\"https:\/\/maps.google.com\/maps?q=23%20boulevard%20du%20Mus%C3%A9e%2073000%20Chamb%C3%A9ry&amp;t=m&amp;z=10&amp;output=embed&amp;iwloc=near\" title=\"23 boulevard du Mus\u00e9e 73000 Chamb\u00e9ry\" aria-label=\"23 boulevard du Mus\u00e9e 73000 Chamb\u00e9ry\"><\/iframe><\/div>\t\t<\/div>\n\t\t\t\t<\/div>\n\t\t\t\t\t\t<\/div>\n\t\t\t\t\t<\/div>\n\t\t<\/div>\n\t\t\t\t\t\t\t\t<\/div>\n\t\t\t\t\t<\/div>\n\t\t<\/section>\n\t\t\t\t\t\t<\/div>\n\t\t\t\t\t\t<\/div>\n\t\t\t\t\t<\/div>\n\t\t","protected":false},"excerpt":{"rendered":"<p>B\u00e9atrice SORNICLE, Architecte DPLG23, Boulevard du Mus\u00e9e73000 CHAMBERY T\u00e9l.\u00a0\u00a0 06.08.61.79.38\u00a0 &#8211; Email : beatrice.sornicle@wanadoo.fr<\/p>\n","protected":false},"author":1,"featured_media":0,"parent":0,"menu_order":0,"comment_status":"closed","ping_status":"closed","template":"","meta":[],"_links":{"self":[{"href":"https:\/\/beatricesornicle-architecte.fr\/index.php?rest_route=\/wp\/v2\/pages\/84"}],"collection":[{"href":"https:\/\/beatricesornicle-architecte.fr\/index.php?rest_route=\/wp\/v2\/pages"}],"about":[{"href":"https:\/\/beatricesornicle-architecte.fr\/index.php?rest_route=\/wp\/v2\/types\/page"}],"author":[{"embeddable":true,"href":"https:\/\/beatricesornicle-architecte.fr\/index.php?rest_route=\/wp\/v2\/users\/1"}],"replies":[{"embeddable":true,"href":"https:\/\/beatricesornicle-architecte.fr\/index.php?rest_route=%2Fwp%2Fv2%2Fcomments&post=84"}],"version-history":[{"count":9,"href":"https:\/\/beatricesornicle-architecte.fr\/index.php?rest_route=\/wp\/v2\/pages\/84\/revisions"}],"predecessor-version":[{"id":1356,"href":"https:\/\/beatricesornicle-architecte.fr\/index.php?rest_route=\/wp\/v2\/pages\/84\/revisions\/1356"}],"wp:attachment":[{"href":"https:\/\/beatricesornicle-architecte.fr\/index.php?rest_route=%2Fwp%2Fv2%2Fmedia&parent=84"}],"curies":[{"name":"wp","href":"https:\/\/api.w.org\/{rel}","templated":true}]}}